{"id":130,"date":"2024-10-21T22:51:25","date_gmt":"2024-10-21T20:51:25","guid":{"rendered":"https:\/\/semeursdebocage.fr\/?page_id=130"},"modified":"2025-11-02T22:01:03","modified_gmt":"2025-11-02T21:01:03","slug":"a-propos","status":"publish","type":"page","link":"https:\/\/semeursdebocage.fr\/index.php\/accueil\/a-propos\/","title":{"rendered":"A propos"},"content":{"rendered":"\t\t<div data-elementor-type=\"wp-page\" data-elementor-id=\"130\" class=\"elementor elementor-130\">\n\t\t\t\t<div class=\"elementor-element elementor-element-17415e1 e-flex e-con-boxed e-con e-parent\" data-id=\"17415e1\" data-element_type=\"container\" data-settings=\"{&quot;background_background&quot;:&quot;classic&quot;}\">\n\t\t\t\t\t<div class=\"e-con-inner\">\n\t\t\t\t<div class=\"elementor-element elementor-element-e864c44 elementor-widget elementor-widget-heading\" data-id=\"e864c44\" data-element_type=\"widget\" data-widget_type=\"heading.default\">\n\t\t\t\t<div class=\"elementor-widget-container\">\n\t\t\t<h2 class=\"elementor-heading-title elementor-size-default\">D\u00e9marche<\/h2>\t\t<\/div>\n\t\t\t\t<\/div>\n\t\t\t\t<div class=\"elementor-element elementor-element-daf1b8f elementor-widget elementor-widget-heading\" data-id=\"daf1b8f\" data-element_type=\"widget\" data-widget_type=\"heading.default\">\n\t\t\t\t<div class=\"elementor-widget-container\">\n\t\t\t<h3 class=\"elementor-heading-title elementor-size-default\">De la collecte de graines sauvages \u00e0 la plantation de haies locales<\/h3>\t\t<\/div>\n\t\t\t\t<\/div>\n\t\t\t\t<div class=\"elementor-element elementor-element-a890836 elementor-widget__width-initial elementor-widget elementor-widget-text-editor\" data-id=\"a890836\" data-element_type=\"widget\" data-widget_type=\"text-editor.default\">\n\t\t\t\t<div class=\"elementor-widget-container\">\n\t\t\t\t\t\t\t<p>Les graines d\u2019arbres, arbustes et arbrisseaux dits \u00ab sauvages \u00bb n\u2019ont par d\u00e9finition pas subi de s\u00e9lection de la part de l\u2019Homme. Contrairement aux vari\u00e9t\u00e9s ornementales qui sont s\u00e9lectionn\u00e9es sur des traits sp\u00e9cifiques (rendement fruitier, esth\u00e9tique, etc.), les v\u00e9g\u00e9taux issus de graines sauvages sont caract\u00e9ris\u00e9s par une diversit\u00e9 g\u00e9n\u00e9tique tr\u00e8s importante. Celle-ci permet une meilleure r\u00e9silience face au d\u00e9r\u00e8glement climatique.<\/p>\t\t\t\t\t\t<\/div>\n\t\t\t\t<\/div>\n\t\t\t\t<div class=\"elementor-element elementor-element-f7d79dc elementor-widget__width-initial elementor-widget elementor-widget-text-editor\" data-id=\"f7d79dc\" data-element_type=\"widget\" data-widget_type=\"text-editor.default\">\n\t\t\t\t<div class=\"elementor-widget-container\">\n\t\t\t\t\t\t\t<p>Pour participer au maintien de cette diversit\u00e9 g\u00e9n\u00e9tique, nous collectons les graines d\u2019essences locales sauvages en suivant un protocole rigoureux tout en veillant \u00e0 ne pas impacter les \u00e9cosyst\u00e8mes existants :<\/p>\t\t\t\t\t\t<\/div>\n\t\t\t\t<\/div>\n\t\t\t\t<div class=\"elementor-element elementor-element-2151f3d elementor-widget__width-initial elementor-widget elementor-widget-text-editor\" data-id=\"2151f3d\" data-element_type=\"widget\" data-widget_type=\"text-editor.default\">\n\t\t\t\t<div class=\"elementor-widget-container\">\n\t\t\t\t\t\t\t<ul><li style=\"font-weight: 400;\" aria-level=\"1\"><span style=\"font-weight: 400;\">Collecte sur plusieurs arbres diff\u00e9rents.<\/span><\/li><li style=\"font-weight: 400;\" aria-level=\"1\"><span style=\"font-weight: 400;\">Collecte sur des haies anciennes (datant d&#8217;avant 1970 et le remembrement) \u00e9loign\u00e9es des habitations et des routes pour \u00e9viter les hybridations avec des essences non-locales.<\/span><\/li><li aria-level=\"1\">Collecte de maximum 25% des graines d\u2019un arbre pour ne pas emp\u00eacher sa diss\u00e9mination naturelle.<\/li><li style=\"font-weight: 400;\" aria-level=\"1\"><span style=\"font-weight: 400;\">Collectes et plantations sur une aire biog\u00e9ographique particuli\u00e8re (Massif Armoricain) avec des sols et climats adapt\u00e9s aux essences locales.<\/span><\/li><\/ul>\t\t\t\t\t\t<\/div>\n\t\t\t\t<\/div>\n\t\t<div class=\"elementor-element elementor-element-0cf7924 e-con-full e-flex e-con e-child\" data-id=\"0cf7924\" data-element_type=\"container\">\n\t\t\t\t<div class=\"elementor-element elementor-element-db8f229 elementor-widget elementor-widget-image\" data-id=\"db8f229\" data-element_type=\"widget\" data-widget_type=\"image.default\">\n\t\t\t\t<div class=\"elementor-widget-container\">\n\t\t\t\t\t\t\t\t\t\t\t\t\t<img decoding=\"async\" src=\"https:\/\/semeursdebocage.fr\/wp-content\/uploads\/2025\/11\/Charme.jpg\" title=\"Charme\" alt=\"Charme\" loading=\"lazy\" \/>\t\t\t\t\t\t\t\t\t\t\t\t\t<\/div>\n\t\t\t\t<\/div>\n\t\t\t\t<div class=\"elementor-element elementor-element-448717e elementor-widget elementor-widget-image\" data-id=\"448717e\" data-element_type=\"widget\" data-widget_type=\"image.default\">\n\t\t\t\t<div class=\"elementor-widget-container\">\n\t\t\t\t\t\t\t\t\t\t\t\t\t<img decoding=\"async\" src=\"https:\/\/semeursdebocage.fr\/wp-content\/uploads\/2025\/11\/Aubepine.jpg\" title=\"Aub\u00e9pine\" alt=\"Aub\u00e9pine\" loading=\"lazy\" \/>\t\t\t\t\t\t\t\t\t\t\t\t\t<\/div>\n\t\t\t\t<\/div>\n\t\t\t\t<\/div>\n\t\t\t\t<div class=\"elementor-element elementor-element-81f7850 elementor-widget__width-initial elementor-widget elementor-widget-text-editor\" data-id=\"81f7850\" data-element_type=\"widget\" data-widget_type=\"text-editor.default\">\n\t\t\t\t<div class=\"elementor-widget-container\">\n\t\t\t\t\t\t\tLes graines sont r\u00e9colt\u00e9es dans le massif Armoricain sur des terrains appartenant \u00e0 des agriculteurs, des particuliers ou des communes avec lesquelles nous avons des conventions de collecte. Nous concentrons nos collectes aux alentours directs de la p\u00e9pini\u00e8re pour minimiser les d\u00e9placements. Les graines sont mises en culture en p\u00e9pini\u00e8re, majoritairement en pleine terre, sans traitements phytosanitaires, et en limitant la consommation d\u2019eau ainsi que l\u2019usage du plastique.\t\t\t\t\t\t<\/div>\n\t\t\t\t<\/div>\n\t\t\t\t<div class=\"elementor-element elementor-element-4e05850 elementor-widget__width-initial elementor-widget elementor-widget-text-editor\" data-id=\"4e05850\" data-element_type=\"widget\" data-widget_type=\"text-editor.default\">\n\t\t\t\t<div class=\"elementor-widget-container\">\n\t\t\t\t\t\t\tLe protocole de collecte, ainsi que la croissance des plants en ext\u00e9rieur, permettent aux futurs arbres de se montrer plus r\u00e9silients face aux conditions qu\u2019ils vont rencontrer apr\u00e8s leur plantation dans des haies bocag\u00e8res. \t\t\t\t\t\t<\/div>\n\t\t\t\t<\/div>\n\t\t\t\t\t<\/div>\n\t\t\t\t<\/div>\n\t\t<div class=\"elementor-element elementor-element-8ae0324 e-con-full e-flex e-con e-parent\" data-id=\"8ae0324\" data-element_type=\"container\" data-settings=\"{&quot;background_background&quot;:&quot;classic&quot;}\">\n\t\t<div class=\"elementor-element elementor-element-8380043 e-con-full e-flex e-con e-child\" data-id=\"8380043\" data-element_type=\"container\" data-settings=\"{&quot;background_background&quot;:&quot;classic&quot;}\">\n\t\t<div class=\"elementor-element elementor-element-bb5bc70 e-con-full e-flex e-con e-child\" data-id=\"bb5bc70\" data-element_type=\"container\">\n\t\t<div class=\"elementor-element elementor-element-0fc9ba6 e-con-full e-flex e-con e-child\" data-id=\"0fc9ba6\" data-element_type=\"container\">\n\t\t<div class=\"elementor-element elementor-element-b4b5dc9 e-con-full e-flex e-con e-child\" data-id=\"b4b5dc9\" data-element_type=\"container\">\n\t\t\t\t<div class=\"elementor-element elementor-element-1cc2977 elementor-widget elementor-widget-heading\" data-id=\"1cc2977\" data-element_type=\"widget\" data-widget_type=\"heading.default\">\n\t\t\t\t<div class=\"elementor-widget-container\">\n\t\t\t<h2 class=\"elementor-heading-title elementor-size-default\">Le r\u00f4le primoridal des haies bocag\u00e8res<\/h2>\t\t<\/div>\n\t\t\t\t<\/div>\n\t\t\t\t<div class=\"elementor-element elementor-element-7eae8da elementor-widget elementor-widget-text-editor\" data-id=\"7eae8da\" data-element_type=\"widget\" data-widget_type=\"text-editor.default\">\n\t\t\t\t<div class=\"elementor-widget-container\">\n\t\t\t\t\t\t\t<p>Le maillage bocager est un \u00e9l\u00e9ment d\u2019identification tr\u00e8s important du d\u00e9partement de la Manche (premier d\u00e9partement fran\u00e7ais en terme de densit\u00e9 de haies \u00e0 l&#8217;hectare) malgr\u00e9 une disparition de plus de la moiti\u00e9 du lin\u00e9aire en 60 ans du fait du remembrement.<br \/>Les haies bocag\u00e8res ont un r\u00f4le particuli\u00e8rement important dans l\u2019agriculture et la pr\u00e9servation de l\u2019environnement par de multiples aspects :<\/p>\t\t\t\t\t\t<\/div>\n\t\t\t\t<\/div>\n\t\t\t\t<\/div>\n\t\t\t\t<\/div>\n\t\t<div class=\"elementor-element elementor-element-4449c21 e-grid e-con-full e-con e-child\" data-id=\"4449c21\" data-element_type=\"container\">\n\t\t<div class=\"elementor-element elementor-element-7a535b3 e-con-full e-flex e-con e-child\" data-id=\"7a535b3\" data-element_type=\"container\">\n\t\t\t\t<div class=\"elementor-element elementor-element-db5875d elementor-widget elementor-widget-text-editor\" data-id=\"db5875d\" data-element_type=\"widget\" data-widget_type=\"text-editor.default\">\n\t\t\t\t<div class=\"elementor-widget-container\">\n\t\t\t\t\t\t\t<p>Gestion de l&#8217;eau<\/p>\t\t\t\t\t\t<\/div>\n\t\t\t\t<\/div>\n\t\t\t\t<div class=\"elementor-element elementor-element-2ce1311 elementor-widget elementor-widget-text-editor\" data-id=\"2ce1311\" data-element_type=\"widget\" data-widget_type=\"text-editor.default\">\n\t\t\t\t<div class=\"elementor-widget-container\">\n\t\t\t\t\t\t\t<p>Maintien autour de la haie d&#8217;une temp\u00e9rature plus fra\u00eeche pendant les p\u00e9riodes de forte chaleur et d&#8217;une temp\u00e9rature plus douce lors des \u00e9pisodes de froid. Filtre naturel qui am\u00e9liore la qualit\u00e9 de l&#8217;eau et limite grandement l&#8217;\u00e9rosion des sols par ruissellement.<\/p>\t\t\t\t\t\t<\/div>\n\t\t\t\t<\/div>\n\t\t\t\t<\/div>\n\t\t<div class=\"elementor-element elementor-element-368a47d e-con-full e-flex e-con e-child\" data-id=\"368a47d\" data-element_type=\"container\">\n\t\t\t\t<div class=\"elementor-element elementor-element-b8ba2ef elementor-widget elementor-widget-text-editor\" data-id=\"b8ba2ef\" data-element_type=\"widget\" data-widget_type=\"text-editor.default\">\n\t\t\t\t<div class=\"elementor-widget-container\">\n\t\t\t\t\t\t\tGestion du climat\t\t\t\t\t\t<\/div>\n\t\t\t\t<\/div>\n\t\t\t\t<div class=\"elementor-element elementor-element-cf5e3e8 elementor-widget elementor-widget-text-editor\" data-id=\"cf5e3e8\" data-element_type=\"widget\" data-widget_type=\"text-editor.default\">\n\t\t\t\t<div class=\"elementor-widget-container\">\n\t\t\t\t\t\t\t<p>Protection contre le vent, limitation de l\u2019impact des temp\u00eates, diminution des fortes chaleurs via l\u2019ombrage des arbres.<\/p>\t\t\t\t\t\t<\/div>\n\t\t\t\t<\/div>\n\t\t\t\t<\/div>\n\t\t<div class=\"elementor-element elementor-element-830d23e e-con-full e-flex e-con e-child\" data-id=\"830d23e\" data-element_type=\"container\">\n\t\t\t\t<div class=\"elementor-element elementor-element-f01bc25 elementor-widget elementor-widget-text-editor\" data-id=\"f01bc25\" data-element_type=\"widget\" data-widget_type=\"text-editor.default\">\n\t\t\t\t<div class=\"elementor-widget-container\">\n\t\t\t\t\t\t\tGestion agricole\t\t\t\t\t\t<\/div>\n\t\t\t\t<\/div>\n\t\t\t\t<div class=\"elementor-element elementor-element-c3bcd36 elementor-widget elementor-widget-text-editor\" data-id=\"c3bcd36\" data-element_type=\"widget\" data-widget_type=\"text-editor.default\">\n\t\t\t\t<div class=\"elementor-widget-container\">\n\t\t\t\t\t\t\tAtt\u00e9nuation des effets des variations climatiques (moins de perte de culture), ombrage et nourriture pour le b\u00e9tail, bois de chauffage. La limitation du ruissellement permet de conserver les premiers centim\u00e8tres de terres qui sont les plus productifs. Enfin, la haie abrite \u00e9galement les auxiliaires de culture, esp\u00e8ces qui pr\u00e9datent les ravageurs des cultures.\t\t\t\t\t\t<\/div>\n\t\t\t\t<\/div>\n\t\t\t\t<\/div>\n\t\t<div class=\"elementor-element elementor-element-ff7ec56 e-con-full e-flex e-con e-child\" data-id=\"ff7ec56\" data-element_type=\"container\">\n\t\t\t\t<div class=\"elementor-element elementor-element-5d44e85 elementor-widget elementor-widget-text-editor\" data-id=\"5d44e85\" data-element_type=\"widget\" data-widget_type=\"text-editor.default\">\n\t\t\t\t<div class=\"elementor-widget-container\">\n\t\t\t\t\t\t\tProtection de la biodiversit\u00e9 locale\t\t\t\t\t\t<\/div>\n\t\t\t\t<\/div>\n\t\t\t\t<div class=\"elementor-element elementor-element-697c899 elementor-widget elementor-widget-text-editor\" data-id=\"697c899\" data-element_type=\"widget\" data-widget_type=\"text-editor.default\">\n\t\t\t\t<div class=\"elementor-widget-container\">\n\t\t\t\t\t\t\t<p>Habitat, abris et source de nourriture pour la faune sauvage (insectes pollinisateurs, nidification d\u2019oiseaux, mammif\u00e8res sauvages\u2026) et conditions favorables au d\u00e9veloppement de la flore sauvage locale (arbres, herbac\u00e9es, champignons\u2026).<\/p>\t\t\t\t\t\t<\/div>\n\t\t\t\t<\/div>\n\t\t\t\t<\/div>\n\t\t<div class=\"elementor-element elementor-element-c595e48 e-con-full e-flex e-con e-child\" data-id=\"c595e48\" data-element_type=\"container\">\n\t\t\t\t<div class=\"elementor-element elementor-element-51d0e4f elementor-widget elementor-widget-text-editor\" data-id=\"51d0e4f\" data-element_type=\"widget\" data-widget_type=\"text-editor.default\">\n\t\t\t\t<div class=\"elementor-widget-container\">\n\t\t\t\t\t\t\tConservation du patrimoine local\t\t\t\t\t\t<\/div>\n\t\t\t\t<\/div>\n\t\t\t\t<div class=\"elementor-element elementor-element-8020fc2 elementor-widget elementor-widget-text-editor\" data-id=\"8020fc2\" data-element_type=\"widget\" data-widget_type=\"text-editor.default\">\n\t\t\t\t<div class=\"elementor-widget-container\">\n\t\t\t\t\t\t\t<p>Maintien du paysage agricole caract\u00e9ristique de la Manche connu mondialement via des \u00e9v\u00e8nements historiques (D\u00e9barquement et bataille des haies, 1944).<\/p>\t\t\t\t\t\t<\/div>\n\t\t\t\t<\/div>\n\t\t\t\t<\/div>\n\t\t\t\t<\/div>\n\t\t\t\t<\/div>\n\t\t\t\t<\/div>\n\t\t\t\t<\/div>\n\t\t<div class=\"elementor-element elementor-element-619ebb1 e-flex e-con-boxed e-con e-parent\" data-id=\"619ebb1\" data-element_type=\"container\" data-settings=\"{&quot;background_background&quot;:&quot;classic&quot;}\">\n\t\t\t\t\t<div class=\"e-con-inner\">\n\t\t<div class=\"elementor-element elementor-element-993be4c e-con-full e-flex e-con e-child\" data-id=\"993be4c\" data-element_type=\"container\">\n\t\t\t\t<div class=\"elementor-element elementor-element-4fff5fb elementor-widget elementor-widget-image\" data-id=\"4fff5fb\" data-element_type=\"widget\" data-widget_type=\"image.default\">\n\t\t\t\t<div class=\"elementor-widget-container\">\n\t\t\t\t\t\t\t\t\t\t\t\t\t<img decoding=\"async\" src=\"https:\/\/semeursdebocage.fr\/wp-content\/uploads\/2025\/11\/Haie.jpg\" title=\"Haie\" alt=\"Haie\" loading=\"lazy\" \/>\t\t\t\t\t\t\t\t\t\t\t\t\t<\/div>\n\t\t\t\t<\/div>\n\t\t\t\t<div class=\"elementor-element elementor-element-d33fd00 elementor-widget elementor-widget-image\" data-id=\"d33fd00\" data-element_type=\"widget\" data-widget_type=\"image.default\">\n\t\t\t\t<div class=\"elementor-widget-container\">\n\t\t\t\t\t\t\t\t\t\t\t\t\t<img decoding=\"async\" src=\"https:\/\/semeursdebocage.fr\/wp-content\/uploads\/2025\/11\/Haie2.jpg\" title=\"Haie2\" alt=\"Haie2\" loading=\"lazy\" \/>\t\t\t\t\t\t\t\t\t\t\t\t\t<\/div>\n\t\t\t\t<\/div>\n\t\t\t\t<\/div>\n\t\t\t\t<div class=\"elementor-element elementor-element-2b4e795 elementor-widget elementor-widget-heading\" data-id=\"2b4e795\" data-element_type=\"widget\" data-widget_type=\"heading.default\">\n\t\t\t\t<div class=\"elementor-widget-container\">\n\t\t\t<h3 class=\"elementor-heading-title elementor-size-default\">Liens utiles concernant la haie en Normandie et son entretien<\/h3>\t\t<\/div>\n\t\t\t\t<\/div>\n\t\t\t\t<div class=\"elementor-element elementor-element-9fa9c8a elementor-widget__width-initial elementor-widget elementor-widget-text-editor\" data-id=\"9fa9c8a\" data-element_type=\"widget\" data-widget_type=\"text-editor.default\">\n\t\t\t\t<div class=\"elementor-widget-container\">\n\t\t\t\t\t\t\t<ul><li>La liste des essences locales d&#8217;arbres, arbustes et arbrisseaux normands pr\u00e9sentant leurs diff\u00e9rentes caract\u00e9ristiques, leurs int\u00e9r\u00eats (ornemental, \u00e9cologique, valorisation) et leurs conditions de d\u00e9veloppement (type de sol, conditions climatiques): <a href=\"https:\/\/www.caue76.fr\/wp-content\/uploads\/2025\/07\/Liste-essences-2025-VF.pdf\" target=\"_blank\" rel=\"noopener\">https:\/\/www.caue76.fr\/wp-content\/uploads\/2025\/07\/Liste-essences-2025-VF.pdf<\/a><\/li><li>\u00a0Le travail du GIEC Normand sur les haies et bocages face au changement climatique: <a href=\"https:\/\/www.normandie.fr\/sites\/default\/files\/2025-02\/GIEC2_Haies_bocage_VF_22janv2025.pdf\" target=\"_blank\" rel=\"noopener\">https:\/\/www.normandie.fr\/sites\/default\/files\/2025-02\/GIEC2_Haies_bocage_VF_22janv2025.pdf<\/a><\/li><li>\u00a0Des guides sur les diff\u00e9rentes techniques de tailles d&#8217;arbres et sur la gestion durable des haies: <a href=\"https:\/\/reseauhaies.fr\/guide-preconisation-gestion-durable-haies\/\" target=\"_blank\" rel=\"noopener\">https:\/\/reseauhaies.fr\/guide-preconisation-gestion-durable-haies\/<\/a><\/li><\/ul>\t\t\t\t\t\t<\/div>\n\t\t\t\t<\/div>\n\t\t\t\t\t<\/div>\n\t\t\t\t<\/div>\n\t\t\t\t<\/div>\n\t\t","protected":false},"excerpt":{"rendered":"<p>D\u00e9marche De la collecte de graines sauvages \u00e0 la plantation de haies locales Les graines d\u2019arbres, arbustes et arbrisseaux dits [&hellip;]<\/p>\n","protected":false},"author":2,"featured_media":0,"parent":43,"menu_order":0,"comment_status":"closed","ping_status":"closed","template":"","meta":{"site-sidebar-layout":"no-sidebar","site-content-layout":"","ast-site-content-layout":"full-width-container","site-content-style":"default","site-sidebar-style":"default","ast-global-header-display":"","ast-banner-title-visibility":"","ast-main-header-display":"","ast-hfb-above-header-display":"","ast-hfb-below-header-display":"","ast-hfb-mobile-header-display":"","site-post-title":"disabled","ast-breadcrumbs-content":"","ast-featured-img":"disabled","footer-sml-layout":"","theme-transparent-header-meta":"","adv-header-id-meta":"","stick-header-meta":"","header-above-stick-meta":"","header-main-stick-meta":"","header-below-stick-meta":"","astra-migrate-meta-layouts":"default","ast-page-background-enabled":"default","ast-page-background-meta":{"desktop":{"background-color":"var(--ast-global-color-4)","background-image":"","background-repeat":"repeat","background-position":"center center","background-size":"auto","background-attachment":"scroll","background-type":"","background-media":"","overlay-type":"","overlay-color":"","overlay-opacity":"","overlay-gradient":""},"tablet":{"background-color":"","background-image":"","background-repeat":"repeat","background-position":"center center","background-size":"auto","background-attachment":"scroll","background-type":"","background-media":"","overlay-type":"","overlay-color":"","overlay-opacity":"","overlay-gradient":""},"mobile":{"background-color":"","background-image":"","background-repeat":"repeat","background-position":"center center","background-size":"auto","background-attachment":"scroll","background-type":"","background-media":"","overlay-type":"","overlay-color":"","overlay-opacity":"","overlay-gradient":""}},"ast-content-background-meta":{"desktop":{"background-color":"var(--ast-global-color-5)","background-image":"","background-repeat":"repeat","background-position":"center center","background-size":"auto","background-attachment":"scroll","background-type":"","background-media":"","overlay-type":"","overlay-color":"","overlay-opacity":"","overlay-gradient":""},"tablet":{"background-color":"var(--ast-global-color-5)","background-image":"","background-repeat":"repeat","background-position":"center center","background-size":"auto","background-attachment":"scroll","background-type":"","background-media":"","overlay-type":"","overlay-color":"","overlay-opacity":"","overlay-gradient":""},"mobile":{"background-color":"var(--ast-global-color-5)","background-image":"","background-repeat":"repeat","background-position":"center center","background-size":"auto","background-attachment":"scroll","background-type":"","background-media":"","overlay-type":"","overlay-color":"","overlay-opacity":"","overlay-gradient":""}},"footnotes":""},"class_list":["post-130","page","type-page","status-publish","hentry"],"_links":{"self":[{"href":"https:\/\/semeursdebocage.fr\/index.php\/wp-json\/wp\/v2\/pages\/130","targetHints":{"allow":["GET"]}}],"collection":[{"href":"https:\/\/semeursdebocage.fr\/index.php\/wp-json\/wp\/v2\/pages"}],"about":[{"href":"https:\/\/semeursdebocage.fr\/index.php\/wp-json\/wp\/v2\/types\/page"}],"author":[{"embeddable":true,"href":"https:\/\/semeursdebocage.fr\/index.php\/wp-json\/wp\/v2\/users\/2"}],"replies":[{"embeddable":true,"href":"https:\/\/semeursdebocage.fr\/index.php\/wp-json\/wp\/v2\/comments?post=130"}],"version-history":[{"count":82,"href":"https:\/\/semeursdebocage.fr\/index.php\/wp-json\/wp\/v2\/pages\/130\/revisions"}],"predecessor-version":[{"id":634,"href":"https:\/\/semeursdebocage.fr\/index.php\/wp-json\/wp\/v2\/pages\/130\/revisions\/634"}],"up":[{"embeddable":true,"href":"https:\/\/semeursdebocage.fr\/index.php\/wp-json\/wp\/v2\/pages\/43"}],"wp:attachment":[{"href":"https:\/\/semeursdebocage.fr\/index.php\/wp-json\/wp\/v2\/media?parent=130"}],"curies":[{"name":"wp","href":"https:\/\/api.w.org\/{rel}","templated":true}]}}