{"id":201,"date":"2024-11-14T11:18:58","date_gmt":"2024-11-14T10:18:58","guid":{"rendered":"https:\/\/semeursdebocage.fr\/?page_id=201"},"modified":"2026-04-02T17:21:37","modified_gmt":"2026-04-02T15:21:37","slug":"catalogue","status":"publish","type":"page","link":"https:\/\/semeursdebocage.fr\/index.php\/accueil\/catalogue\/","title":{"rendered":"Catalogue"},"content":{"rendered":"\t\t<div data-elementor-type=\"wp-page\" data-elementor-id=\"201\" class=\"elementor elementor-201\">\n\t\t\t\t<div class=\"elementor-element elementor-element-1aa10c4 e-flex e-con-boxed e-con e-parent\" data-id=\"1aa10c4\" data-element_type=\"container\" data-settings=\"{&quot;background_background&quot;:&quot;classic&quot;}\">\n\t\t\t\t\t<div class=\"e-con-inner\">\n\t\t\t\t<div class=\"elementor-element elementor-element-40f5b81 elementor-widget elementor-widget-heading\" data-id=\"40f5b81\" data-element_type=\"widget\" data-widget_type=\"heading.default\">\n\t\t\t\t<div class=\"elementor-widget-container\">\n\t\t\t<h2 class=\"elementor-heading-title elementor-size-default\">Pr\u00e9visions saison 2026-2027<\/h2>\t\t<\/div>\n\t\t\t\t<\/div>\n\t\t\t\t<div class=\"elementor-element elementor-element-f53bd55 elementor-widget elementor-widget-text-editor\" data-id=\"f53bd55\" data-element_type=\"widget\" data-widget_type=\"text-editor.default\">\n\t\t\t\t<div class=\"elementor-widget-container\">\n\t\t\t\t\t\t\t<p>Les graines collect\u00e9es en 2025 sont actuellement en pr\u00e9paration pour des semis au printemps 2026. Nous pr\u00e9voyons une production totale autour de 20000 plants pour la saison 2026-2027. La liste des plants disponibles sera actualis\u00e9e avec les quantit\u00e9s par essence en <b>Juin<\/b>. Les commandes de plants commenceront \u00e0 partir de <b>d\u00e9but\u00a0Juillet <\/b>et pourront \u00eatre disponibles au retrait ou \u00e0 la livraison \u00e0 partir de <b>fin Novembre \/ d\u00e9but D\u00e9cembre 2026<\/b> (suivant les conditions climatiques).\u00a0<\/p><p>Avant l&#8217;\u00e9t\u00e9, le catalogue de prix peut \u00eatre communiqu\u00e9 sur demande\u00a0par\u00a0<a href=\"mailto:pepiniere@semeursdebocage.fr\">mail.<\/a><\/p>\t\t\t\t\t\t<\/div>\n\t\t\t\t<\/div>\n\t\t\t\t<div class=\"elementor-element elementor-element-89a5733 elementor-widget elementor-widget-text-editor\" data-id=\"89a5733\" data-element_type=\"widget\" data-widget_type=\"text-editor.default\">\n\t\t\t\t<div class=\"elementor-widget-container\">\n\t\t\t\t\t\t\t<ul><li><em>Acer Campestre &#8211; <strong>Erable Champ\u00eatre <\/strong>(C\u00e9p\u00e9e &#8211; racine nue &#8211; 1 an)<\/em><\/li><li><em>Carpinus Betulus<\/em><em>\u00a0&#8211;\u00a0<span style=\"font-weight: bold;\">Charme Commun <\/span>(C\u00e9p\u00e9e &#8211; racine nue &#8211; 1 an)<\/em><\/li><li><em>Castanea Sativa<\/em><em>\u00a0&#8211;\u00a0<span style=\"font-weight: bold;\">Ch\u00e2taignier <\/span>(C\u00e9p\u00e9e &#8211; racine nue &#8211; 1 an)<\/em><\/li><li><em>Cornus Mas<\/em><em>\u00a0&#8211;\u00a0<span style=\"font-weight: bold;\">Cornouiller M\u00e2le <\/span>(Bourrage &#8211; racine nue &#8211; 1 an)<\/em><\/li><li><em>Cornus Sanguinae<\/em><em>\u00a0&#8211;\u00a0<span style=\"font-weight: bold;\">Cornouiller Sanguin <\/span>(Bourrage &#8211;\u00a0 racine nue &#8211; 1 an)<\/em><\/li><li><em>Corylus Avellana<\/em><em>\u00a0&#8211;\u00a0<span style=\"font-weight: bold;\">Noisetier <\/span>(C\u00e9p\u00e9e &#8211; racine nue &#8211; 1 ou 2 ans)<\/em><\/li><li><em>Crataegus Monogyna<\/em><em>\u00a0&#8211;\u00a0<span style=\"font-weight: bold;\">Aub\u00e9pine Monogyne <\/span>(Moyen-Jet &#8211; racine nue &#8211; 1 an)<\/em><\/li><li><em>Cytisus Scoparius<\/em><em>\u00a0&#8211;\u00a0<span style=\"font-weight: bold;\">Gen\u00eat \u00e0 balais <\/span>(Bourrage &#8211; racine nue &#8211; 1 ou 2 ans)<\/em><\/li><li><em>Fagus Sylvatica<\/em><em> &#8211; <strong>H\u00eatre\u00a0<\/strong>(Haut-Jet &#8211; racine nue &#8211; 1 an)<\/em><\/li><li><em>Frangula Alnus<\/em><em>\u00a0&#8211;\u00a0<span style=\"font-weight: bold;\">Bourdaine <\/span>(Bourrage &#8211; racine nue &#8211; 1 an)<\/em><\/li><li><em>Hippophae Rhamnoides<\/em><em>\u00a0&#8211;\u00a0<span style=\"font-weight: bold;\">Argousier <\/span>(Bourrage &#8211; racine nue &#8211; 1 an)<\/em><\/li><li><em>Ilex Aquifolium<\/em><em>\u00a0&#8211;\u00a0<span style=\"font-weight: bold;\">Houx Vert <\/span>(Bourrage &#8211; motte 1 an &#8211; issu de transplantation*)<\/em><\/li><li><em>Juglans Regia<\/em><em>\u00a0&#8211;\u00a0<span style=\"font-weight: bold;\">Noyer Commun <\/span>(Haut-Jet &#8211; racine nue &#8211; 1 an)<\/em><\/li><li><em>Ligustrum Vulgare<\/em><em> &#8211; <strong>Tro\u00e8ne Vulgaire<\/strong><span style=\"font-weight: bold;\">\u00a0<\/span>(Bourrage &#8211; racine nue &#8211; 1 ou 2 ans)<\/em><\/li><li><em>Prunus Avium<\/em><em>\u00a0&#8211;\u00a0<span style=\"font-weight: bold;\">Merisier <\/span>(Haut-Jet &#8211; racine nue &#8211; 1 an)<\/em><\/li><li><em>Prunus Spinosa<\/em><em>\u00a0&#8211;\u00a0<span style=\"font-weight: bold;\">Prunellier <\/span>(Bourrage &#8211; racine nue &#8211; 1 an)<\/em><\/li><li><em>Pyrus Communis s. Pyraster<\/em><em>\u00a0&#8211;\u00a0<span style=\"font-weight: bold;\">Poirier Sauvage <\/span>(Moyen-Jet &#8211; racine nue &#8211; 1 an)<\/em><\/li><li><em>Pyrus Cordata<\/em><em>\u00a0&#8211;\u00a0<span style=\"font-weight: bold;\">Poirier Feuille en Coeur <\/span>(Moyen-Jet &#8211; racine nue &#8211; 1 an)<\/em><\/li><li><em>Quercus Petraea<\/em><em>\u00a0&#8211;\u00a0<span style=\"font-weight: bold;\">Ch\u00eane Sessile <\/span>(Haut-Jet &#8211; racine nue &#8211; 2 ans)<\/em><\/li><li><em>Rhamnus Cathartica<\/em><em>\u00a0&#8211;\u00a0<span style=\"font-weight: bold;\">Nerprun Purgatif <\/span>(Bourrage &#8211; racine nue &#8211; 1 an)<\/em><\/li><li><em>Rosa Canina<\/em><em>\u00a0&#8211;\u00a0<span style=\"font-weight: bold;\">Eglantier <\/span>(Bourrage &#8211; motte &#8211; 1 an)<\/em><\/li><li><em>Ruscus Aculeatus<\/em><em>\u00a0&#8211;\u00a0<span style=\"font-weight: bold;\">Fragon Petit Houx <\/span>(Bourrage &#8211; racine nue &#8211; 1 an)<\/em><\/li><li><em>Sambuscus Nigra<\/em><em>\u00a0&#8211;\u00a0<span style=\"font-weight: bold;\">Sureau Noir <\/span>(Bourrage &#8211; racine nue &#8211; 1 ou 2 ans)<\/em><\/li><li><em>Sorbus Aucuparia<\/em><em>\u00a0&#8211;\u00a0<span style=\"font-weight: bold;\">Sorbier des Oiseleurs <\/span>(Moyen-Jet &#8211; racine nue &#8211; 1 ou 2 ans)<\/em><\/li><li><em>Sorbus Domestica<\/em><em>\u00a0&#8211;\u00a0<span style=\"font-weight: bold;\">Cormier <\/span>(Haut-Jet &#8211; racine nue &#8211; 1 an)<\/em><\/li><li><em>Sorbus Torminalis<\/em><em>\u00a0&#8211;\u00a0<span style=\"font-weight: bold;\">Alisier torminal <\/span>(Haut-Jet &#8211; racine nue &#8211; 1 ou 2 ans)<\/em><\/li><li><em>Tilia Platyphyllos<\/em><em>\u00a0&#8211;\u00a0<span style=\"font-weight: bold;\">Tilleuil \u00e0 Grande Feuilles <\/span>(Haut-Jet &#8211; racine nue &#8211; 1 an)<\/em><\/li><li><em>Viburnum Opulus<\/em><em>\u00a0&#8211;\u00a0<span style=\"font-weight: bold;\">Viorne Obier <\/span>(Bourrage &#8211; racine nue &#8211; 2 ans)<\/em><\/li><\/ul>\t\t\t\t\t\t<\/div>\n\t\t\t\t<\/div>\n\t\t\t\t<div class=\"elementor-element elementor-element-4882a60 elementor-widget elementor-widget-text-editor\" data-id=\"4882a60\" data-element_type=\"widget\" data-widget_type=\"text-editor.default\">\n\t\t\t\t<div class=\"elementor-widget-container\">\n\t\t\t\t\t\t\t<p>Nos plants sont issus de graines (<em>sauf Houx Vert*<\/em>) collect\u00e9es localement et sont men\u00e9s en racines nues (<em>sauf Houx Vert et Eglantier<\/em>). Les plants sont lab\u00e9lis\u00e9s en Agriculture Biologique (<em>AB<\/em>).<\/p>\t\t\t\t\t\t<\/div>\n\t\t\t\t<\/div>\n\t\t\t\t<div class=\"elementor-element elementor-element-7c264c7 elementor-widget elementor-widget-text-editor\" data-id=\"7c264c7\" data-element_type=\"widget\" data-widget_type=\"text-editor.default\">\n\t\t\t\t<div class=\"elementor-widget-container\">\n\t\t\t\t\t\t\t<p>Pour compl\u00e9ter notre gamme de plants bocagers, il sera possible de solliciter notre <a href=\"https:\/\/semeursdebocage.fr\/index.php\/accueil\/Reseau\/\" target=\"_blank\" rel=\"noopener\">r\u00e9seau de p\u00e9pini\u00e8res paysannes<\/a> aussi bien pour des arbres bocagers et forestiers via le <strong>Collectif Manche Bocage<\/strong> que d&#8217;arbres fruitiers avec la <strong>Ferme des 3 Vergers<\/strong>.<\/p>\t\t\t\t\t\t<\/div>\n\t\t\t\t<\/div>\n\t\t\t\t\t<\/div>\n\t\t\t\t<\/div>\n\t\t\t\t<\/div>\n\t\t","protected":false},"excerpt":{"rendered":"<p>Pr\u00e9visions saison 2026-2027 Les graines collect\u00e9es en 2025 sont actuellement en pr\u00e9paration pour des semis au printemps 2026. Nous pr\u00e9voyons [&hellip;]<\/p>\n","protected":false},"author":2,"featured_media":0,"parent":43,"menu_order":0,"comment_status":"closed","ping_status":"closed","template":"","meta":{"site-sidebar-layout":"no-sidebar","site-content-layout":"","ast-site-content-layout":"full-width-container","site-content-style":"default","site-sidebar-style":"default","ast-global-header-display":"","ast-banner-title-visibility":"","ast-main-header-display":"","ast-hfb-above-header-display":"","ast-hfb-below-header-display":"","ast-hfb-mobile-header-display":"","site-post-title":"disabled","ast-breadcrumbs-content":"","ast-featured-img":"disabled","footer-sml-layout":"","theme-transparent-header-meta":"","adv-header-id-meta":"","stick-header-meta":"","header-above-stick-meta":"","header-main-stick-meta":"","header-below-stick-meta":"","astra-migrate-meta-layouts":"default","ast-page-background-enabled":"default","ast-page-background-meta":{"desktop":{"background-color":"var(--ast-global-color-4)","background-image":"","background-repeat":"repeat","background-position":"center center","background-size":"auto","background-attachment":"scroll","background-type":"","background-media":"","overlay-type":"","overlay-color":"","overlay-opacity":"","overlay-gradient":""},"tablet":{"background-color":"","background-image":"","background-repeat":"repeat","background-position":"center center","background-size":"auto","background-attachment":"scroll","background-type":"","background-media":"","overlay-type":"","overlay-color":"","overlay-opacity":"","overlay-gradient":""},"mobile":{"background-color":"","background-image":"","background-repeat":"repeat","background-position":"center center","background-size":"auto","background-attachment":"scroll","background-type":"","background-media":"","overlay-type":"","overlay-color":"","overlay-opacity":"","overlay-gradient":""}},"ast-content-background-meta":{"desktop":{"background-color":"var(--ast-global-color-5)","background-image":"","background-repeat":"repeat","background-position":"center center","background-size":"auto","background-attachment":"scroll","background-type":"","background-media":"","overlay-type":"","overlay-color":"","overlay-opacity":"","overlay-gradient":""},"tablet":{"background-color":"var(--ast-global-color-5)","background-image":"","background-repeat":"repeat","background-position":"center center","background-size":"auto","background-attachment":"scroll","background-type":"","background-media":"","overlay-type":"","overlay-color":"","overlay-opacity":"","overlay-gradient":""},"mobile":{"background-color":"var(--ast-global-color-5)","background-image":"","background-repeat":"repeat","background-position":"center center","background-size":"auto","background-attachment":"scroll","background-type":"","background-media":"","overlay-type":"","overlay-color":"","overlay-opacity":"","overlay-gradient":""}},"footnotes":""},"class_list":["post-201","page","type-page","status-publish","hentry"],"_links":{"self":[{"href":"https:\/\/semeursdebocage.fr\/index.php\/wp-json\/wp\/v2\/pages\/201","targetHints":{"allow":["GET"]}}],"collection":[{"href":"https:\/\/semeursdebocage.fr\/index.php\/wp-json\/wp\/v2\/pages"}],"about":[{"href":"https:\/\/semeursdebocage.fr\/index.php\/wp-json\/wp\/v2\/types\/page"}],"author":[{"embeddable":true,"href":"https:\/\/semeursdebocage.fr\/index.php\/wp-json\/wp\/v2\/users\/2"}],"replies":[{"embeddable":true,"href":"https:\/\/semeursdebocage.fr\/index.php\/wp-json\/wp\/v2\/comments?post=201"}],"version-history":[{"count":224,"href":"https:\/\/semeursdebocage.fr\/index.php\/wp-json\/wp\/v2\/pages\/201\/revisions"}],"predecessor-version":[{"id":822,"href":"https:\/\/semeursdebocage.fr\/index.php\/wp-json\/wp\/v2\/pages\/201\/revisions\/822"}],"up":[{"embeddable":true,"href":"https:\/\/semeursdebocage.fr\/index.php\/wp-json\/wp\/v2\/pages\/43"}],"wp:attachment":[{"href":"https:\/\/semeursdebocage.fr\/index.php\/wp-json\/wp\/v2\/media?parent=201"}],"curies":[{"name":"wp","href":"https:\/\/api.w.org\/{rel}","templated":true}]}}