{"id":769,"date":"2026-02-18T14:59:00","date_gmt":"2026-02-18T13:59:00","guid":{"rendered":"https:\/\/semeursdebocage.fr\/?page_id=769"},"modified":"2026-04-02T17:32:09","modified_gmt":"2026-04-02T15:32:09","slug":"reseau","status":"publish","type":"page","link":"https:\/\/semeursdebocage.fr\/index.php\/accueil\/reseau\/","title":{"rendered":"R\u00e9seau"},"content":{"rendered":"\t\t<div data-elementor-type=\"wp-page\" data-elementor-id=\"769\" class=\"elementor elementor-769\">\n\t\t\t\t<div class=\"elementor-element elementor-element-c35ebce e-flex e-con-boxed e-con e-parent\" data-id=\"c35ebce\" data-element_type=\"container\" data-settings=\"{&quot;background_background&quot;:&quot;classic&quot;}\">\n\t\t\t\t\t<div class=\"e-con-inner\">\n\t\t\t\t<div class=\"elementor-element elementor-element-510769d elementor-widget elementor-widget-heading\" data-id=\"510769d\" data-element_type=\"widget\" data-widget_type=\"heading.default\">\n\t\t\t\t<div class=\"elementor-widget-container\">\n\t\t\t<h2 class=\"elementor-heading-title elementor-size-default\">Collectif Manche Bocage<\/h2>\t\t<\/div>\n\t\t\t\t<\/div>\n\t\t\t\t<div class=\"elementor-element elementor-element-113e138 elementor-widget elementor-widget-image\" data-id=\"113e138\" data-element_type=\"widget\" data-widget_type=\"image.default\">\n\t\t\t\t<div class=\"elementor-widget-container\">\n\t\t\t\t\t\t\t\t\t\t\t\t\t<img fetchpriority=\"high\" decoding=\"async\" width=\"1024\" height=\"338\" src=\"https:\/\/semeursdebocage.fr\/wp-content\/uploads\/2026\/02\/Logo_Collectif-1024x338.jpg\" class=\"attachment-large size-large wp-image-742\" alt=\"Logo_Collectif_Manche_Bocage\" srcset=\"https:\/\/semeursdebocage.fr\/wp-content\/uploads\/2026\/02\/Logo_Collectif-1024x338.jpg 1024w, https:\/\/semeursdebocage.fr\/wp-content\/uploads\/2026\/02\/Logo_Collectif-300x99.jpg 300w, https:\/\/semeursdebocage.fr\/wp-content\/uploads\/2026\/02\/Logo_Collectif-768x254.jpg 768w, https:\/\/semeursdebocage.fr\/wp-content\/uploads\/2026\/02\/Logo_Collectif-1536x507.jpg 1536w, https:\/\/semeursdebocage.fr\/wp-content\/uploads\/2026\/02\/Logo_Collectif.jpg 1920w\" sizes=\"(max-width: 1024px) 100vw, 1024px\" \/>\t\t\t\t\t\t\t\t\t\t\t\t\t<\/div>\n\t\t\t\t<\/div>\n\t\t\t\t<div class=\"elementor-element elementor-element-390d4f6 elementor-widget elementor-widget-text-editor\" data-id=\"390d4f6\" data-element_type=\"widget\" data-widget_type=\"text-editor.default\">\n\t\t\t\t<div class=\"elementor-widget-container\">\n\t\t\t\t\t\t\t<p>Le <strong>Collectif Manche Bocage<\/strong> est un regroupement de p\u00e9pini\u00e8res paysannes install\u00e9es dans la Manche et le nord de l&#8217;Orne au cours des 3 derni\u00e8res ann\u00e9es. Il propose des plants bocagers et forestiers issus de graines, men\u00e9s racines nues et en pleine terre. Il est compos\u00e9 de 4 collecteurs\/p\u00e9pini\u00e9ristes d&#8217;arbres et arbustes bocagers provenant de graines d&#8217;essences locales collect\u00e9es dans les territoires environnants leurs p\u00e9pini\u00e8res et d&#8217;un p\u00e9pini\u00e9riste sp\u00e9cialis\u00e9 dans les essences foresti\u00e8res issues de graines d&#8217;origine Fran\u00e7aise qui compl\u00e8te la gamme propos\u00e9e par le collectif (autour de <strong>60 essences<\/strong> pour une production de l&#8217;ordre de <strong>60000 plants\/an<\/strong>).<\/p><p><span style=\"font-style: inherit; font-weight: inherit;\">Le Collectif a pour objectif principal de r\u00e9pondre \u00e0 des commandes group\u00e9es et des appels d&#8217;offres dans la Manche (et les d\u00e9partements limitrophes) pouvant aller jusqu&#8217;\u00e0 <strong>5000 plants,<\/strong> tout en proposant des arbres pr\u00e9sentant une forte diversit\u00e9 g\u00e9n\u00e9tique adapt\u00e9s au sol et au climat local.\u00a0Il a \u00e9galement pour vocation de relocaliser la fili\u00e8re de production de plants bocagers dans la Manche . Les <strong>5 p\u00e9pini\u00e8res<\/strong>, list\u00e9es ci-dessous (du nord au sud), proposent un service de proximit\u00e9 avec une disponibilit\u00e9 et une r\u00e9activit\u00e9 accrue aux diff\u00e9rents acteurs locaux de la plantation d&#8217;arbres permettant une <strong>qualit\u00e9 de reprise des plants importante<\/strong>\u00a0gr\u00e2ce \u00e0 un temps de d\u00e9racinement et de mise en jauge court avant retrait\/livraison et \u00e0 la limitation des transports.<\/span><\/p>\t\t\t\t\t\t<\/div>\n\t\t\t\t<\/div>\n\t\t\t\t<div class=\"elementor-element elementor-element-6ce996c elementor-widget elementor-widget-text-editor\" data-id=\"6ce996c\" data-element_type=\"widget\" data-widget_type=\"text-editor.default\">\n\t\t\t\t<div class=\"elementor-widget-container\">\n\t\t\t\t\t\t\t<ul><li><strong>La P\u00e9pini\u00e8re d&#8217;Olivier<\/strong> &#8211; 50700 Saint Joseph<\/li><li><strong>P\u00e9pini\u00e8re les Semeurs de Bocage<\/strong> &#8211; 50660 Montchaton &#8211; Orval sur Sienne<\/li><li><strong>P\u00e9pini\u00e8re Petrichor<\/strong> &#8211; 50400 Saint Plancher<\/li><li><strong>P\u00e9pini\u00e8re Pepibaie<\/strong> &#8211; 50300 Le Val Saint-P\u00e8re<\/li><li><strong>P\u00e9pini\u00e8re du Th\u00e9rier<\/strong> &#8211; 61700 Lonlay-l&#8217;Abbaye<\/li><\/ul>\t\t\t\t\t\t<\/div>\n\t\t\t\t<\/div>\n\t\t\t\t<div class=\"elementor-element elementor-element-d03e586 elementor-widget elementor-widget-text-editor\" data-id=\"d03e586\" data-element_type=\"widget\" data-widget_type=\"text-editor.default\">\n\t\t\t\t<div class=\"elementor-widget-container\">\n\t\t\t\t\t\t\t<p>Si vous souhaitez obtenir plus d&#8217;informations sur le collectif ou demander un devis vous pouvez nous contacter par\u00a0<a href=\"mailto:pepiniere@semeursdebocage.fr\">mail.<\/a><\/p>\t\t\t\t\t\t<\/div>\n\t\t\t\t<\/div>\n\t\t\t\t\t<\/div>\n\t\t\t\t<\/div>\n\t\t<div class=\"elementor-element elementor-element-17415e1 e-flex e-con-boxed e-con e-parent\" data-id=\"17415e1\" data-element_type=\"container\" data-settings=\"{&quot;background_background&quot;:&quot;classic&quot;}\">\n\t\t\t\t\t<div class=\"e-con-inner\">\n\t\t\t\t<div class=\"elementor-element elementor-element-e864c44 elementor-widget elementor-widget-heading\" data-id=\"e864c44\" data-element_type=\"widget\" data-widget_type=\"heading.default\">\n\t\t\t\t<div class=\"elementor-widget-container\">\n\t\t\t<h2 class=\"elementor-heading-title elementor-size-default\">Arbres fruitiers<\/h2>\t\t<\/div>\n\t\t\t\t<\/div>\n\t\t\t\t<div class=\"elementor-element elementor-element-862ed2f elementor-widget elementor-widget-text-editor\" data-id=\"862ed2f\" data-element_type=\"widget\" data-widget_type=\"text-editor.default\">\n\t\t\t\t<div class=\"elementor-widget-container\">\n\t\t\t\t\t\t\t<p>Pour compl\u00e9ter notre gamme de plants bocagers, il sera possible de r\u00e9server en suppl\u00e9ment des arbres fruitiers greff\u00e9s issus de la p\u00e9pini\u00e8re de la <strong>Ferme des 3 Vergers<\/strong> situ\u00e9e \u00e0 Quettreville sur Sienne. La liste des fruitiers, lab\u00e9lis\u00e9s en en Agriculture Biologique (<em>AB<\/em>), est disponible via ce <a href=\"https:\/\/www.fermedes3vergers.fr\/pages\/pepiniere.html\" target=\"_blank\" rel=\"noopener\">lien<\/a>.<\/p>\t\t\t\t\t\t<\/div>\n\t\t\t\t<\/div>\n\t\t\t\t\t<\/div>\n\t\t\t\t<\/div>\n\t\t\t\t<\/div>\n\t\t","protected":false},"excerpt":{"rendered":"<p>Collectif Manche Bocage Le Collectif Manche Bocage est un regroupement de p\u00e9pini\u00e8res paysannes install\u00e9es dans la Manche et le nord [&hellip;]<\/p>\n","protected":false},"author":1,"featured_media":0,"parent":43,"menu_order":0,"comment_status":"closed","ping_status":"closed","template":"","meta":{"site-sidebar-layout":"no-sidebar","site-content-layout":"","ast-site-content-layout":"full-width-container","site-content-style":"default","site-sidebar-style":"default","ast-global-header-display":"","ast-banner-title-visibility":"","ast-main-header-display":"","ast-hfb-above-header-display":"","ast-hfb-below-header-display":"","ast-hfb-mobile-header-display":"","site-post-title":"disabled","ast-breadcrumbs-content":"","ast-featured-img":"disabled","footer-sml-layout":"","theme-transparent-header-meta":"","adv-header-id-meta":"","stick-header-meta":"","header-above-stick-meta":"","header-main-stick-meta":"","header-below-stick-meta":"","astra-migrate-meta-layouts":"default","ast-page-background-enabled":"default","ast-page-background-meta":{"desktop":{"background-color":"var(--ast-global-color-4)","background-image":"","background-repeat":"repeat","background-position":"center center","background-size":"auto","background-attachment":"scroll","background-type":"","background-media":"","overlay-type":"","overlay-color":"","overlay-opacity":"","overlay-gradient":""},"tablet":{"background-color":"","background-image":"","background-repeat":"repeat","background-position":"center center","background-size":"auto","background-attachment":"scroll","background-type":"","background-media":"","overlay-type":"","overlay-color":"","overlay-opacity":"","overlay-gradient":""},"mobile":{"background-color":"","background-image":"","background-repeat":"repeat","background-position":"center center","background-size":"auto","background-attachment":"scroll","background-type":"","background-media":"","overlay-type":"","overlay-color":"","overlay-opacity":"","overlay-gradient":""}},"ast-content-background-meta":{"desktop":{"background-color":"var(--ast-global-color-5)","background-image":"","background-repeat":"repeat","background-position":"center center","background-size":"auto","background-attachment":"scroll","background-type":"","background-media":"","overlay-type":"","overlay-color":"","overlay-opacity":"","overlay-gradient":""},"tablet":{"background-color":"var(--ast-global-color-5)","background-image":"","background-repeat":"repeat","background-position":"center center","background-size":"auto","background-attachment":"scroll","background-type":"","background-media":"","overlay-type":"","overlay-color":"","overlay-opacity":"","overlay-gradient":""},"mobile":{"background-color":"var(--ast-global-color-5)","background-image":"","background-repeat":"repeat","background-position":"center center","background-size":"auto","background-attachment":"scroll","background-type":"","background-media":"","overlay-type":"","overlay-color":"","overlay-opacity":"","overlay-gradient":""}},"footnotes":""},"class_list":["post-769","page","type-page","status-publish","hentry"],"_links":{"self":[{"href":"https:\/\/semeursdebocage.fr\/index.php\/wp-json\/wp\/v2\/pages\/769","targetHints":{"allow":["GET"]}}],"collection":[{"href":"https:\/\/semeursdebocage.fr\/index.php\/wp-json\/wp\/v2\/pages"}],"about":[{"href":"https:\/\/semeursdebocage.fr\/index.php\/wp-json\/wp\/v2\/types\/page"}],"author":[{"embeddable":true,"href":"https:\/\/semeursdebocage.fr\/index.php\/wp-json\/wp\/v2\/users\/1"}],"replies":[{"embeddable":true,"href":"https:\/\/semeursdebocage.fr\/index.php\/wp-json\/wp\/v2\/comments?post=769"}],"version-history":[{"count":15,"href":"https:\/\/semeursdebocage.fr\/index.php\/wp-json\/wp\/v2\/pages\/769\/revisions"}],"predecessor-version":[{"id":825,"href":"https:\/\/semeursdebocage.fr\/index.php\/wp-json\/wp\/v2\/pages\/769\/revisions\/825"}],"up":[{"embeddable":true,"href":"https:\/\/semeursdebocage.fr\/index.php\/wp-json\/wp\/v2\/pages\/43"}],"wp:attachment":[{"href":"https:\/\/semeursdebocage.fr\/index.php\/wp-json\/wp\/v2\/media?parent=769"}],"curies":[{"name":"wp","href":"https:\/\/api.w.org\/{rel}","templated":true}]}}